{"id":506,"date":"2024-12-27T18:12:20","date_gmt":"2024-12-27T18:12:20","guid":{"rendered":"https:\/\/ligateneriferun.es\/?page_id=506"},"modified":"2026-01-03T16:27:10","modified_gmt":"2026-01-03T16:27:10","slug":"clasificacion-2025","status":"publish","type":"page","link":"https:\/\/ligateneriferun.es\/?page_id=506","title":{"rendered":"Clasificaci\u00f3n 2025"},"content":{"rendered":"\n <table border=\"1\" style=\"width:100%; border-collapse: collapse;\">\n    <thead>\n      <tr style=\"background-color:#FF0000\">\n        <th>Clasificaci\u00f3n<\/th>\n        <th>Corredores<\/th>\n        <th>Puntos Totales<\/th>\n      <\/tr>\n    <\/thead>\n    <tbody>\n      \n            <tr>\n              <td style=\"background-color:#EFB810\">1<\/td>\n              <td style=\"background-color:#EFB810\">\n                <a href=\"https:\/\/ligateneriferun.es\/?page_id=94\">\n                  <div style=\"height:100%;width:100%\">Diego Sebastian Alvarez Beltr\u00e1n<\/div>\n                <\/a>\n              <\/td>\n              <td style=\"background-color:#EFB810\">\n                <a href=\"https:\/\/ligateneriferun.es\/?page_id=94\">\n                  <div style=\"height:100%;width:100%\">225,9<\/div>\n                <\/a>\n              <\/td>\n            <\/tr>\n          \n            <tr>\n              <td style=\"background-color:#C0C0C0\">2<\/td>\n              <td style=\"background-color:#C0C0C0\">\n                <a href=\"https:\/\/ligateneriferun.es\/?page_id=605\">\n                  <div style=\"height:100%;width:100%\">Abraham Marrero Herrera<\/div>\n                <\/a>\n              <\/td>\n              <td style=\"background-color:#C0C0C0\">\n                <a href=\"https:\/\/ligateneriferun.es\/?page_id=605\">\n                  <div style=\"height:100%;width:100%\">210,7<\/div>\n                <\/a>\n              <\/td>\n            <\/tr>\n          \n            <tr>\n              <td style=\"background-color:#CD7F32\">3<\/td>\n              <td style=\"background-color:#CD7F32\">\n                <a href=\"https:\/\/ligateneriferun.es\/?page_id=111\">\n                  <div style=\"height:100%;width:100%\">Josue Castro<\/div>\n                <\/a>\n              <\/td>\n              <td style=\"background-color:#CD7F32\">\n                <a href=\"https:\/\/ligateneriferun.es\/?page_id=111\">\n                  <div style=\"height:100%;width:100%\">185,0<\/div>\n                <\/a>\n              <\/td>\n            <\/tr>\n          \n            <tr>\n              <td style=\"background-color:#CD7F32\">4<\/td>\n              <td style=\"background-color:#CD7F32\">\n                <a href=\"https:\/\/ligateneriferun.es\/?page_id=608\">\n                  <div style=\"height:100%;width:100%\">Luz Marina Luis<\/div>\n                <\/a>\n              <\/td>\n              <td style=\"background-color:#CD7F32\">\n                <a href=\"https:\/\/ligateneriferun.es\/?page_id=608\">\n                  <div style=\"height:100%;width:100%\">133,9<\/div>\n                <\/a>\n              <\/td>\n            <\/tr>\n          \n            <tr>\n              <td style=\"background-color:#CD7F32\">5<\/td>\n              <td style=\"background-color:#CD7F32\">\n                <a href=\"https:\/\/ligateneriferun.es\/?page_id=554\">\n                  <div style=\"height:100%;width:100%\">Carlos Guanche<\/div>\n                <\/a>\n              <\/td>\n              <td style=\"background-color:#CD7F32\">\n                <a href=\"https:\/\/ligateneriferun.es\/?page_id=554\">\n                  <div style=\"height:100%;width:100%\">127,1<\/div>\n                <\/a>\n              <\/td>\n            <\/tr>\n          \n            <tr>\n              <td style=\"background-color:#C9F5C9\">6<\/td>\n              <td style=\"background-color:#C9F5C9\">\n                <a href=\"https:\/\/ligateneriferun.es\/?page_id=557\">\n                  <div style=\"height:100%;width:100%\">Victor Mart\u00ednez Hern\u00e1ndez<\/div>\n                <\/a>\n              <\/td>\n              <td style=\"background-color:#C9F5C9\">\n                <a href=\"https:\/\/ligateneriferun.es\/?page_id=557\">\n                  <div style=\"height:100%;width:100%\">122,7<\/div>\n                <\/a>\n              <\/td>\n            <\/tr>\n          \n            <tr>\n              <td style=\"background-color:#C9F5C9\">7<\/td>\n              <td style=\"background-color:#C9F5C9\">\n                <a href=\"https:\/\/ligateneriferun.es\/?page_id=551\">\n                  <div style=\"height:100%;width:100%\">Lore Rguez. Glez.z<\/div>\n                <\/a>\n              <\/td>\n              <td style=\"background-color:#C9F5C9\">\n                <a href=\"https:\/\/ligateneriferun.es\/?page_id=551\">\n                  <div style=\"height:100%;width:100%\">108,5<\/div>\n                <\/a>\n              <\/td>\n            <\/tr>\n          \n            <tr>\n              <td style=\"background-color:#C9F5C9\">8<\/td>\n              <td style=\"background-color:#C9F5C9\">\n                <a href=\"https:\/\/ligateneriferun.es\/?page_id=166\">\n                  <div style=\"height:100%;width:100%\">Bego\u00f1a Santana Gonzalez<\/div>\n                <\/a>\n              <\/td>\n              <td style=\"background-color:#C9F5C9\">\n                <a href=\"https:\/\/ligateneriferun.es\/?page_id=166\">\n                  <div style=\"height:100%;width:100%\">104,1<\/div>\n                <\/a>\n              <\/td>\n            <\/tr>\n          \n            <tr>\n              <td style=\"background-color:#C9F5C9\">9<\/td>\n              <td style=\"background-color:#C9F5C9\">\n                <a href=\"https:\/\/ligateneriferun.es\/?page_id=665\">\n                  <div style=\"height:100%;width:100%\">Samuel Rodr\u00edguez Mej\u00edas<\/div>\n                <\/a>\n              <\/td>\n              <td style=\"background-color:#C9F5C9\">\n                <a href=\"https:\/\/ligateneriferun.es\/?page_id=665\">\n                  <div style=\"height:100%;width:100%\">95,4<\/div>\n                <\/a>\n              <\/td>\n            <\/tr>\n          \n            <tr>\n              <td style=\"background-color:#C9F5C9\">10<\/td>\n              <td style=\"background-color:#C9F5C9\">\n                <a href=\"https:\/\/ligateneriferun.es\/?page_id=780\">\n                  <div style=\"height:100%;width:100%\">Jos\u00e9 Maria N\u00e9cega<\/div>\n                <\/a>\n              <\/td>\n              <td style=\"background-color:#C9F5C9\">\n                <a href=\"https:\/\/ligateneriferun.es\/?page_id=780\">\n                  <div style=\"height:100%;width:100%\">86,7<\/div>\n                <\/a>\n              <\/td>\n            <\/tr>\n          \n            <tr>\n              <td style=\"background-color:#C9F5C9\">11<\/td>\n              <td style=\"background-color:#C9F5C9\">\n                <a href=\"https:\/\/ligateneriferun.es\/?page_id=124\">\n                  <div style=\"height:100%;width:100%\">Cristo Manuel Guerra<\/div>\n                <\/a>\n              <\/td>\n              <td style=\"background-color:#C9F5C9\">\n                <a href=\"https:\/\/ligateneriferun.es\/?page_id=124\">\n                  <div style=\"height:100%;width:100%\">83,5<\/div>\n                <\/a>\n              <\/td>\n            <\/tr>\n          \n            <tr>\n              <td style=\"background-color:#C9F5C9\">12<\/td>\n              <td style=\"background-color:#C9F5C9\">\n                <a href=\"https:\/\/ligateneriferun.es\/?page_id=573\">\n                  <div style=\"height:100%;width:100%\">Cathaysa Delgado Martin<\/div>\n                <\/a>\n              <\/td>\n              <td style=\"background-color:#C9F5C9\">\n                <a href=\"https:\/\/ligateneriferun.es\/?page_id=573\">\n                  <div style=\"height:100%;width:100%\">82,6<\/div>\n                <\/a>\n              <\/td>\n            <\/tr>\n          \n            <tr>\n              <td style=\"background-color:#C9F5C9\">13<\/td>\n              <td style=\"background-color:#C9F5C9\">\n                <a href=\"https:\/\/ligateneriferun.es\/?page_id=129\">\n                  <div style=\"height:100%;width:100%\">Genesis Rodriguez<\/div>\n                <\/a>\n              <\/td>\n              <td style=\"background-color:#C9F5C9\">\n                <a href=\"https:\/\/ligateneriferun.es\/?page_id=129\">\n                  <div style=\"height:100%;width:100%\">62,1<\/div>\n                <\/a>\n              <\/td>\n            <\/tr>\n          \n            <tr>\n              <td style=\"background-color:#C9F5C9\">14<\/td>\n              <td style=\"background-color:#C9F5C9\">\n                <a href=\"https:\/\/ligateneriferun.es\/?page_id=591\">\n                  <div style=\"height:100%;width:100%\">Brayan Gonz\u00e1lez Herrera<\/div>\n                <\/a>\n              <\/td>\n              <td style=\"background-color:#C9F5C9\">\n                <a href=\"https:\/\/ligateneriferun.es\/?page_id=591\">\n                  <div style=\"height:100%;width:100%\">49,1<\/div>\n                <\/a>\n              <\/td>\n            <\/tr>\n          \n            <tr>\n              <td style=\"background-color:#C9F5C9\">15<\/td>\n              <td style=\"background-color:#C9F5C9\">\n                <a href=\"https:\/\/ligateneriferun.es\/?page_id=139\">\n                  <div style=\"height:100%;width:100%\">Airam De La Paz<\/div>\n                <\/a>\n              <\/td>\n              <td style=\"background-color:#C9F5C9\">\n                <a href=\"https:\/\/ligateneriferun.es\/?page_id=139\">\n                  <div style=\"height:100%;width:100%\">46,8<\/div>\n                <\/a>\n              <\/td>\n            <\/tr>\n          \n            <tr>\n              <td style=\"background-color:#C9F5C9\">16<\/td>\n              <td style=\"background-color:#C9F5C9\">\n                <a href=\"https:\/\/ligateneriferun.es\/?page_id=603\">\n                  <div style=\"height:100%;width:100%\">Jordan Afonso Mederos<\/div>\n                <\/a>\n              <\/td>\n              <td style=\"background-color:#C9F5C9\">\n                <a href=\"https:\/\/ligateneriferun.es\/?page_id=603\">\n                  <div style=\"height:100%;width:100%\">46,1<\/div>\n                <\/a>\n              <\/td>\n            <\/tr>\n          \n            <tr>\n              <td style=\"background-color:#C9F5C9\">17<\/td>\n              <td style=\"background-color:#C9F5C9\">\n                <a href=\"https:\/\/ligateneriferun.es\/?page_id=104\">\n                  <div style=\"height:100%;width:100%\">Maryna Bignardi<\/div>\n                <\/a>\n              <\/td>\n              <td style=\"background-color:#C9F5C9\">\n                <a href=\"https:\/\/ligateneriferun.es\/?page_id=104\">\n                  <div style=\"height:100%;width:100%\">42,8<\/div>\n                <\/a>\n              <\/td>\n            <\/tr>\n          \n            <tr>\n              <td style=\"background-color:#C9F5C9\">18<\/td>\n              <td style=\"background-color:#C9F5C9\">\n                <a href=\"https:\/\/ligateneriferun.es\/?page_id=531\">\n                  <div style=\"height:100%;width:100%\">Estefania Sanchez Ruiz<\/div>\n                <\/a>\n              <\/td>\n              <td style=\"background-color:#C9F5C9\">\n                <a href=\"https:\/\/ligateneriferun.es\/?page_id=531\">\n                  <div style=\"height:100%;width:100%\">36,1<\/div>\n                <\/a>\n              <\/td>\n            <\/tr>\n          \n            <tr>\n              <td style=\"background-color:#C9F5C9\">19<\/td>\n              <td style=\"background-color:#C9F5C9\">\n                <a href=\"https:\/\/ligateneriferun.es\/?page_id=612\">\n                  <div style=\"height:100%;width:100%\">Jonathan Jesus Mendez<\/div>\n                <\/a>\n              <\/td>\n              <td style=\"background-color:#C9F5C9\">\n                <a href=\"https:\/\/ligateneriferun.es\/?page_id=612\">\n                  <div style=\"height:100%;width:100%\">28,1<\/div>\n                <\/a>\n              <\/td>\n            <\/tr>\n          \n            <tr>\n              <td style=\"background-color:#C9F5C9\">20<\/td>\n              <td style=\"background-color:#C9F5C9\">\n                <a href=\"https:\/\/ligateneriferun.es\/?page_id=134\">\n                  <div style=\"height:100%;width:100%\">Jona Marrero<\/div>\n                <\/a>\n              <\/td>\n              <td style=\"background-color:#C9F5C9\">\n                <a href=\"https:\/\/ligateneriferun.es\/?page_id=134\">\n                  <div style=\"height:100%;width:100%\">17,6<\/div>\n                <\/a>\n              <\/td>\n            <\/tr>\n          \n            <tr>\n              <td style=\"background-color:#C9F5C9\">21<\/td>\n              <td style=\"background-color:#C9F5C9\">\n                <a href=\"https:\/\/ligateneriferun.es\/?page_id=119\">\n                  <div style=\"height:100%;width:100%\">Alejandro Mora<\/div>\n                <\/a>\n              <\/td>\n              <td style=\"background-color:#C9F5C9\">\n                <a href=\"https:\/\/ligateneriferun.es\/?page_id=119\">\n                  <div style=\"height:100%;width:100%\">6,7<\/div>\n                <\/a>\n              <\/td>\n            <\/tr>\n          \n            <tr>\n              <td style=\"background-color:#C9F5C9\">22<\/td>\n              <td style=\"background-color:#C9F5C9\">\n                <a href=\"https:\/\/ligateneriferun.es\/?page_id=143\">\n                  <div style=\"height:100%;width:100%\">Lorena Riera<\/div>\n                <\/a>\n              <\/td>\n              <td style=\"background-color:#C9F5C9\">\n                <a href=\"https:\/\/ligateneriferun.es\/?page_id=143\">\n                  <div style=\"height:100%;width:100%\">4,0<\/div>\n                <\/a>\n              <\/td>\n            <\/tr>\n          \n            <tr>\n              <td style=\"background-color:#C9F5C9\">23<\/td>\n              <td style=\"background-color:#C9F5C9\">\n                <a href=\"https:\/\/ligateneriferun.es\/?page_id=853\">\n                  <div style=\"height:100%;width:100%\">Monica Victoria<\/div>\n                <\/a>\n              <\/td>\n              <td style=\"background-color:#C9F5C9\">\n                <a href=\"https:\/\/ligateneriferun.es\/?page_id=853\">\n                  <div style=\"height:100%;width:100%\">2,7<\/div>\n                <\/a>\n              <\/td>\n            <\/tr>\n          \n    <\/tbody>\n  <\/table>\n\n\n\n<p><\/p>\n","protected":false},"excerpt":{"rendered":"<p>Clasificaci\u00f3n Corredores Puntos Totales 1 Diego Sebastian Alvarez Beltr\u00e1n 225,9 2 Abraham Marrero Herrera 210,7 3 Josue Castro 185,0 4 Luz Marina Luis 133,9 5 Carlos Guanche 127,1 6 Victor Mart\u00ednez Hern\u00e1ndez 122,7 7 Lore Rguez. Glez.z 108,5 8 Bego\u00f1a Santana Gonzalez 104,1 9 Samuel Rodr\u00edguez Mej\u00edas 95,4 10 Jos\u00e9 Maria N\u00e9cega 86,7 11 Cristo [&hellip;]<\/p>\n","protected":false},"author":1,"featured_media":0,"parent":32,"menu_order":0,"comment_status":"closed","ping_status":"closed","template":"","meta":{"footnotes":""},"class_list":["post-506","page","type-page","status-publish","hentry"],"_links":{"self":[{"href":"https:\/\/ligateneriferun.es\/index.php?rest_route=\/wp\/v2\/pages\/506","targetHints":{"allow":["GET"]}}],"collection":[{"href":"https:\/\/ligateneriferun.es\/index.php?rest_route=\/wp\/v2\/pages"}],"about":[{"href":"https:\/\/ligateneriferun.es\/index.php?rest_route=\/wp\/v2\/types\/page"}],"author":[{"embeddable":true,"href":"https:\/\/ligateneriferun.es\/index.php?rest_route=\/wp\/v2\/users\/1"}],"replies":[{"embeddable":true,"href":"https:\/\/ligateneriferun.es\/index.php?rest_route=%2Fwp%2Fv2%2Fcomments&post=506"}],"version-history":[{"count":63,"href":"https:\/\/ligateneriferun.es\/index.php?rest_route=\/wp\/v2\/pages\/506\/revisions"}],"predecessor-version":[{"id":1175,"href":"https:\/\/ligateneriferun.es\/index.php?rest_route=\/wp\/v2\/pages\/506\/revisions\/1175"}],"up":[{"embeddable":true,"href":"https:\/\/ligateneriferun.es\/index.php?rest_route=\/wp\/v2\/pages\/32"}],"wp:attachment":[{"href":"https:\/\/ligateneriferun.es\/index.php?rest_route=%2Fwp%2Fv2%2Fmedia&parent=506"}],"curies":[{"name":"wp","href":"https:\/\/api.w.org\/{rel}","templated":true}]}}