{"id":501,"date":"2024-12-27T18:05:26","date_gmt":"2024-12-27T18:05:26","guid":{"rendered":"https:\/\/ligateneriferun.es\/?page_id=501"},"modified":"2024-12-31T18:36:22","modified_gmt":"2024-12-31T18:36:22","slug":"clasificacion-2024","status":"publish","type":"page","link":"https:\/\/ligateneriferun.es\/?page_id=501","title":{"rendered":"Clasificaci\u00f3n 2024"},"content":{"rendered":"\n<table  border=\"1\" width: 100% \n  border-collapse: collapse >\n    <tr style=\"background-color:#FF0000\">\n      <th>Clasificaci\u00f3n <\/th>\n      <th>Corredores<\/th>\n      <th>Puntos Totales<\/th>\n      <\/tr>\n\t<tr>\n      <td style=\"background-color:#EFB810\">1<\/td>\n      <td style=\"background-color:#CDCDCD\">\n\t\t<a href=\"https:\/\/ligateneriferun.es\/?page_id=94\">\n\t\t\t<div style=\"height:100%;width:100%\" >\n\t\t\t\tDiego Sebastian Alvarez Beltr\u00e1n\n\t\t\t<\/div>\n\t   <\/a>\t\t\n\t  <\/td>\n\t  <td style=\"background-color:#CDCDCD\">\t  \n       <a href=\"https:\/\/ligateneriferun.es\/?page_id=94\">\n        <div style=\"height:100%;width:100%\">\n         163,5\n        <\/div>\n\t   <\/a>\n\t  <\/td> \n    <\/tr>\n\t<tr>\n      <td style=\"background-color:#C0C0C0\" >2<\/td>\n      <td style=\"background-color:#CDCDCD\">\n\t\t<a href=\"https:\/\/ligateneriferun.es\/?page_id=111\">\n\t\t\t<div style=\"height:100%;width:100%\">\n\t\t\t\tBego\u00f1a Santana Gonzalez\n\t\t\t<\/div>\n\t\t<\/a>\n\t  <\/td>\n      <td style=\"background-color:#CDCDCD\">\n\t\t<a href=\"https:\/\/ligateneriferun.es\/?page_id=166\">\n\t\t\t<div style=\"height:100%;width:100%\">\n\t\t\t\t111,3\n\t\t\t<\/div>\n\t\t<\/a>\n\t  <\/td>\n    <\/tr>\n    <tr>\n\t<td style=\"background-color: #bf8970\">3<\/td>\n\t<td>\n\t\t<a href=\"https:\/\/ligateneriferun.es\/?page_id=111\">\n\t\t\t<div style=\"height:100%;width:100%\">\n\t\t\t\tJosue Castro \n\t\t\t<\/div>\n\t\t<\/a>\n\t  <\/td>\n      <td>\n\t  <a href=\"https:\/\/ligateneriferun.es\/?page_id=166\">\n\t\t\t<div style=\"height:100%;width:100%\">\n\t\t\t\t104,9  \n\t\t\t<\/div>\n\t\t<\/a>\n\t  <\/td>\n      \n    <\/tr>\t\n    <tr>\n      <td style=\"background-color:#FF8000\">4<\/td>\n      <td>\n\t\t<a href=\"https:\/\/ligateneriferun.es\/?page_id=104\">\n\t\t\t<div style=\"height:100%;width:100%\">\n\t\t\t\tMaryna Bignardi\n\t\t\t<\/div>\n\t\t<\/a>\t\t\n\t  <\/td>\n      <td>\n\t\t<a href=\"https:\/\/ligateneriferun.es\/?page_id=104\">\n\t\t\t<div style=\"height:100%;width:100%\">\n\t\t\t\t95,2\n\t\t\t<\/div>\n\t\t<\/a>\n\t  <\/td> \t\n    <\/tr>\n\t\t<tr>\n      <td style=\"background-color:#FF8000\">5<\/td>\n      <td style=\"background-color:#CDCDCD\">\n\t  <a href=\"https:\/\/ligateneriferun.es\/?page_id=129\">\n\t\t\t<div style=\"height:100%;width:100%\">\n\t\t\t\tGenesis Rodriguez\n\t\t\t<\/div>\n\t\t<\/a>\n\t  <\/td>\n      <td style=\"background-color:#CDCDCD\">\n\t\t<a href=\"https:\/\/ligateneriferun.es\/?page_id=129\">\n\t\t\t<div style=\"height:100%;width:100%\">\n\t\t\t\t42\n\t\t\t<\/div>\n\t\t<\/a>\n\t  <\/td>\n    <\/tr>\n\t<tr>\n\t\t<td style=\"background-color:#299D08\" >6<\/td>\n\t\t\t<td style=\"background-color:#CDCDCD\">\n\t\t\t\t<a href=\"https:\/\/ligateneriferun.es\/?page_id=157\">\n\t\t\t\t\t<div style=\"height:100%;width:100%\">\n\t\t\t\t\tCarlos Rodr\u00edguez Dorta\n\t\t\t\t\t<\/div>\n\t\t\t\t<\/a>\n\t\t\t<\/td>\n        <td style=\"background-color:#CDCDCD\">\n\t\t\t<a href=\"https:\/\/ligateneriferun.es\/?page_id=157\">\n\t\t\t\t<div style=\"height:100%;width:100%\">\n\t\t\t\t\t31,2\n\t\t\t\t<\/div>\n\t\t\t<\/a>\n\t\t<\/td>  \n    <\/tr>\n\t<tr>\n     <td style=\"background-color:#299D08\">7<\/td>\n\t <td>\n\t  <a href=\"https:\/\/ligateneriferun.es\/?page_id=124\">\n\t\t\t<div style=\"height:100%;width:100%\">\n\t\t\t\tAlejandro Mora\n\t\t\t<\/div>\n\t\t<\/a>\n\t  <\/td>\n      <td>\n\t\t<a href=\"https:\/\/ligateneriferun.es\/?page_id=119\">\n\t\t\t<div style=\"height:100%;width:100%\">\n\t\t\t\t29,2\n\t\t\t<\/div>\n\t\t<\/a>\n\t  <\/td>\n      \n    <\/tr>\n\t<tr>\n      <td style=\"background-color:#299D08\">8<\/td>\n      <td>\n\t  <a href=\"https:\/\/ligateneriferun.es\/?page_id=124\">\n\t\t\t<div style=\"height:100%;width:100%\">\n\t\t\t\tJona Marrero \n\t\t\t<\/div>\n\t\t<\/a>\n\t  <\/td>\n      <td>\n\t\t<a href=\"https:\/\/ligateneriferun.es\/?page_id=119\">\n\t\t\t<div style=\"height:100%;width:100%\">\n\t\t\t\t20,9 \n\t\t\t<\/div>\n\t\t<\/a>\n\t  <\/td>\n    <\/tr>\n\t\n\t<tr>\n      <td style=\"background-color:#299D08\">9<\/td>\n      <td style=\"background-color:#CDCDCD\">\n\t  <a href=\"https:\/\/ligateneriferun.es\/?page_id=143\">\n\t\t\t<div style=\"height:100%;width:100%\">\n\t\t\t\tCristo Manuel Guerra\n\t\t\t<\/div>\n\t\t<\/a>\n\t  <\/td>\n      <td style=\"background-color:#CDCDCD\">\n\t  <a href=\"https:\/\/ligateneriferun.es\/?page_id=143\">\n\t\t\t<div style=\"height:100%;width:100%\">\n\t\t\t\t20\n\t\t\t<\/div>\n\t\t<\/a>\n\t  <\/td>\n    <\/tr>\n\t\n     <tr>\n      <td style=\"background-color:#299D08\">10<\/td>\n      <td>\n\t\t<a href=\"https:\/\/ligateneriferun.es\/?page_id=134\">\n\t\t\t<div style=\"height:100%;width:100%\">\n\t\t\t\tLorena Riera\n\t\t\t<\/div>\n\t\t<\/a>\n\t  <\/td>\n      <td>\n\t  <a href=\"https:\/\/ligateneriferun.es\/?page_id=134\">\n\t\t\t<div style=\"height:100%;width:100%\">\n\t\t\t\t15,8\n\t\t\t<\/div>\n\t\t<\/a>\n\t  <\/td>\n    <\/tr>\n\t<tr>\n\t\n\t<tr>\n      <td style=\"background-color:#4c2882\">Violeta<\/td>\n      <td>\n\t  <a href=\"https:\/\/ligateneriferun.es\/?page_id=139\">\n\t\t\t<div style=\"height:100%;width:100%\">\n\t\t\t\tAiram De La Paz\n\t\t\t<\/div>\n\t\t<\/a>\n\t  <\/td>\n      <td>\n\t  <a href=\"https:\/\/ligateneriferun.es\/?page_id=139\">\n\t\t\t<div style=\"height:100%;width:100%\">\n\t\t\t\t53,7\n\t\t\t<\/div>\n\t\t<\/a>\n\t  <\/td>\n    <\/tr>\n  <\/table>\n","protected":false},"excerpt":{"rendered":"<p>Clasificaci\u00f3n Corredores Puntos Totales 1 Diego Sebastian Alvarez Beltr\u00e1n 163,5 2 Bego\u00f1a Santana Gonzalez 111,3 3 Josue Castro 104,9 4 Maryna Bignardi 95,2 5 Genesis Rodriguez 42 6 Carlos Rodr\u00edguez Dorta 31,2 7 Alejandro Mora 29,2 8 Jona Marrero 20,9 9 Cristo Manuel Guerra 20 10 Lorena Riera 15,8 Violeta Airam De La Paz 53,7<\/p>\n","protected":false},"author":1,"featured_media":0,"parent":32,"menu_order":0,"comment_status":"closed","ping_status":"closed","template":"","meta":{"footnotes":""},"class_list":["post-501","page","type-page","status-publish","hentry"],"_links":{"self":[{"href":"https:\/\/ligateneriferun.es\/index.php?rest_route=\/wp\/v2\/pages\/501","targetHints":{"allow":["GET"]}}],"collection":[{"href":"https:\/\/ligateneriferun.es\/index.php?rest_route=\/wp\/v2\/pages"}],"about":[{"href":"https:\/\/ligateneriferun.es\/index.php?rest_route=\/wp\/v2\/types\/page"}],"author":[{"embeddable":true,"href":"https:\/\/ligateneriferun.es\/index.php?rest_route=\/wp\/v2\/users\/1"}],"replies":[{"embeddable":true,"href":"https:\/\/ligateneriferun.es\/index.php?rest_route=%2Fwp%2Fv2%2Fcomments&post=501"}],"version-history":[{"count":4,"href":"https:\/\/ligateneriferun.es\/index.php?rest_route=\/wp\/v2\/pages\/501\/revisions"}],"predecessor-version":[{"id":526,"href":"https:\/\/ligateneriferun.es\/index.php?rest_route=\/wp\/v2\/pages\/501\/revisions\/526"}],"up":[{"embeddable":true,"href":"https:\/\/ligateneriferun.es\/index.php?rest_route=\/wp\/v2\/pages\/32"}],"wp:attachment":[{"href":"https:\/\/ligateneriferun.es\/index.php?rest_route=%2Fwp%2Fv2%2Fmedia&parent=501"}],"curies":[{"name":"wp","href":"https:\/\/api.w.org\/{rel}","templated":true}]}}