{"id":481,"date":"2024-12-19T08:44:50","date_gmt":"2024-12-19T08:44:50","guid":{"rendered":"https:\/\/ligateneriferun.es\/?page_id=481"},"modified":"2025-01-29T12:26:34","modified_gmt":"2025-01-29T12:26:34","slug":"carreras-abril-2025","status":"publish","type":"page","link":"https:\/\/ligateneriferun.es\/?page_id=481","title":{"rendered":"Carreras Abril 2025"},"content":{"rendered":"\n<p>XXVIII MEDIO MARAT\u00d3N LAS GALLETAS<\/p>\n\n\n\n<p>Domingo 6 -&gt; <a href=\"https:\/\/inscripciones.chronotrackcanarias.com\/inscripcion\/xxviii-medio-maraton-las-galletas\/\">Inscripci\u00f3n <\/a><\/p>\n\n\n\n<p>XI TRAIL LAS MARETAS 2025<\/p>\n\n\n\n<p>S\u00e1bado 18 -&gt; <a href=\"https:\/\/inscripciones.conchipcanarias.com\/inscripcion\/xi-trail-las-maretas-2025\/\">Inscripci\u00f3n<\/a><a href=\"https:\/\/inscripciones.chronotrackcanarias.com\/inscripcion\/xxviii-medio-maraton-las-galletas\/\"> <\/a><\/p>\n\n\n\n<p>Trail Almendros y Volcanes<\/p>\n\n\n\n<p>Domingo 27 -&gt; <a href=\"https:\/\/www.rockthesport.com\/es\/evento\/trail-almendros-y-volcanes-25\/inscripcion\/selecciona-tarifa\">Inscripci\u00f3n <\/a><\/p>\n\n\n\n<p>Trail Pinolere<\/p>\n\n\n\n<p>Domingo 27 -&gt; <a href=\"https:\/\/pinoleretrail.com\/\">Inscripci\u00f3n <\/a><\/p>\n\n\n\n<p><\/p>\n\n\n\n<p><\/p>\n","protected":false},"excerpt":{"rendered":"<p>XXVIII MEDIO MARAT\u00d3N LAS GALLETAS Domingo 6 -&gt; Inscripci\u00f3n XI TRAIL LAS MARETAS 2025 S\u00e1bado 18 -&gt; Inscripci\u00f3n Trail Almendros y Volcanes Domingo 27 -&gt; Inscripci\u00f3n Trail Pinolere Domingo 27 -&gt; Inscripci\u00f3n<\/p>\n","protected":false},"author":1,"featured_media":0,"parent":273,"menu_order":0,"comment_status":"closed","ping_status":"closed","template":"","meta":{"footnotes":""},"class_list":["post-481","page","type-page","status-publish","hentry"],"_links":{"self":[{"href":"https:\/\/ligateneriferun.es\/index.php?rest_route=\/wp\/v2\/pages\/481","targetHints":{"allow":["GET"]}}],"collection":[{"href":"https:\/\/ligateneriferun.es\/index.php?rest_route=\/wp\/v2\/pages"}],"about":[{"href":"https:\/\/ligateneriferun.es\/index.php?rest_route=\/wp\/v2\/types\/page"}],"author":[{"embeddable":true,"href":"https:\/\/ligateneriferun.es\/index.php?rest_route=\/wp\/v2\/users\/1"}],"replies":[{"embeddable":true,"href":"https:\/\/ligateneriferun.es\/index.php?rest_route=%2Fwp%2Fv2%2Fcomments&post=481"}],"version-history":[{"count":7,"href":"https:\/\/ligateneriferun.es\/index.php?rest_route=\/wp\/v2\/pages\/481\/revisions"}],"predecessor-version":[{"id":588,"href":"https:\/\/ligateneriferun.es\/index.php?rest_route=\/wp\/v2\/pages\/481\/revisions\/588"}],"up":[{"embeddable":true,"href":"https:\/\/ligateneriferun.es\/index.php?rest_route=\/wp\/v2\/pages\/273"}],"wp:attachment":[{"href":"https:\/\/ligateneriferun.es\/index.php?rest_route=%2Fwp%2Fv2%2Fmedia&parent=481"}],"curies":[{"name":"wp","href":"https:\/\/api.w.org\/{rel}","templated":true}]}}