{"id":473,"date":"2024-12-19T08:38:02","date_gmt":"2024-12-19T08:38:02","guid":{"rendered":"https:\/\/ligateneriferun.es\/?page_id=473"},"modified":"2025-01-14T11:14:32","modified_gmt":"2025-01-14T11:14:32","slug":"carreras-febrero-2025","status":"publish","type":"page","link":"https:\/\/ligateneriferun.es\/?page_id=473","title":{"rendered":"Carreras Febrero 2025"},"content":{"rendered":"\n<p>Carrera de Monta\u00f1a Gu\u00eda de Isora<\/p>\n\n\n\n<p>Domingo 2 -&gt;<a href=\"https:\/\/www.rockthesport.com\/es\/evento\/carrera-de-montana-guia-de-isora-2025\/inscripcion\/selecciona-tarifa\" data-type=\"link\" data-id=\"https:\/\/inscripciones.conchipcanarias.com\/inscripcion\/v-nocturna-arafera-2024\/inscripcion_datos\/\">Inscripci\u00f3n<\/a><\/p>\n\n\n\n<p>XX subida del panadero Vertical <\/p>\n\n\n\n<p>S\u00e1bado 8 -><a href=\"https:\/\/deportes.santiagodelteide.es\/prueba-deportiva\/subida-vertical-panadero-2025\/\" data-type=\"link\" data-id=\"https:\/\/inscripciones.conchipcanarias.com\/inscripcion\/v-nocturna-arafera-2024\/inscripcion_datos\/\">Inscripci\u00f3n<\/a><\/p>\n\n\n\n<h3 class=\"wp-block-heading\">Carrera Empresas Tenerife<\/h3>\n\n\n\n<p>S\u00e1bado 15 -&gt;<a href=\"https:\/\/carreraempresastenerife.com\/\" data-type=\"link\" data-id=\"https:\/\/inscripciones.conchipcanarias.com\/inscripcion\/v-nocturna-arafera-2024\/inscripcion_datos\/\">Inscripci\u00f3n<\/a><\/p>\n","protected":false},"excerpt":{"rendered":"<p>Carrera de Monta\u00f1a Gu\u00eda de Isora Domingo 2 -&gt;Inscripci\u00f3n XX subida del panadero Vertical S\u00e1bado 8 ->Inscripci\u00f3n Carrera Empresas Tenerife S\u00e1bado 15 -&gt;Inscripci\u00f3n<\/p>\n","protected":false},"author":1,"featured_media":0,"parent":273,"menu_order":0,"comment_status":"closed","ping_status":"closed","template":"","meta":{"footnotes":""},"class_list":["post-473","page","type-page","status-publish","hentry"],"_links":{"self":[{"href":"https:\/\/ligateneriferun.es\/index.php?rest_route=\/wp\/v2\/pages\/473","targetHints":{"allow":["GET"]}}],"collection":[{"href":"https:\/\/ligateneriferun.es\/index.php?rest_route=\/wp\/v2\/pages"}],"about":[{"href":"https:\/\/ligateneriferun.es\/index.php?rest_route=\/wp\/v2\/types\/page"}],"author":[{"embeddable":true,"href":"https:\/\/ligateneriferun.es\/index.php?rest_route=\/wp\/v2\/users\/1"}],"replies":[{"embeddable":true,"href":"https:\/\/ligateneriferun.es\/index.php?rest_route=%2Fwp%2Fv2%2Fcomments&post=473"}],"version-history":[{"count":4,"href":"https:\/\/ligateneriferun.es\/index.php?rest_route=\/wp\/v2\/pages\/473\/revisions"}],"predecessor-version":[{"id":562,"href":"https:\/\/ligateneriferun.es\/index.php?rest_route=\/wp\/v2\/pages\/473\/revisions\/562"}],"up":[{"embeddable":true,"href":"https:\/\/ligateneriferun.es\/index.php?rest_route=\/wp\/v2\/pages\/273"}],"wp:attachment":[{"href":"https:\/\/ligateneriferun.es\/index.php?rest_route=%2Fwp%2Fv2%2Fmedia&parent=473"}],"curies":[{"name":"wp","href":"https:\/\/api.w.org\/{rel}","templated":true}]}}