{"id":461,"date":"2024-12-19T08:14:41","date_gmt":"2024-12-19T08:14:41","guid":{"rendered":"https:\/\/ligateneriferun.es\/?page_id=461"},"modified":"2025-01-29T12:22:04","modified_gmt":"2025-01-29T12:22:04","slug":"carreras-marzo-2025","status":"publish","type":"page","link":"https:\/\/ligateneriferun.es\/?page_id=461","title":{"rendered":"Carreras Marzo 2025"},"content":{"rendered":"\n<p>VI NOCTURNA LA CALETA DE ADEJE 2025<\/p>\n\n\n\n<p>S\u00e1bado 1 -&gt; <a href=\"https:\/\/inscripciones.conchipcanarias.com\/inscripcion\/vi-nocturna-la-caleta-de-adeje-2025\/\">Inscripci\u00f3n <\/a><\/p>\n\n\n\n<p>II CIRCUITO DE CARRERAS X MONTA\u00d1A ISLA DE TENERIFE 2025 &#8211; TROFEO MIZUNO<\/p>\n\n\n\n<p>S\u00e1bado 15 -&gt; <a href=\"https:\/\/inscripciones.conchipcanarias.com\/inscripcion\/ii-circuito-de-carreras-x-montana-isla-de-tenerife-2025-trofeo-mizuno\/sec_pers_1\/\">Inscripci\u00f3n<\/a><a href=\"https:\/\/inscripciones.conchipcanarias.com\/inscripcion\/vi-nocturna-la-caleta-de-adeje-2025\/\"> <\/a><\/p>\n\n\n\n<p>Trail Fuentealta Vilaflor 2025<\/p>\n\n\n\n<p>Viernes 14 y S\u00e1bado 15 -&gt; <a href=\"https:\/\/www.rockthesport.com\/es\/evento\/trail-fuentealta-vilaflor-2025\/inscripcion\/selecciona-tarifa\">Inscripci\u00f3n<\/a><a href=\"https:\/\/inscripciones.conchipcanarias.com\/inscripcion\/xii-subida-vertical-a-la-mesa-de-candelaria-2025\/\"> <\/a><\/p>\n\n\n\n<p>XII SUBIDA VERTICAL A LA MESA DE CANDELARIA 2025<\/p>\n\n\n\n<p>S\u00e1bado 15 -&gt; <a href=\"https:\/\/inscripciones.conchipcanarias.com\/inscripcion\/xii-subida-vertical-a-la-mesa-de-candelaria-2025\/\">Inscripci\u00f3n <\/a><\/p>\n\n\n\n<p>IV CARRERA SOLIDARIA MIBRICOLAJE.COM 2025<\/p>\n\n\n\n<p>Domingo 23 -> <a href=\"https:\/\/inscripciones.chronotrackcanarias.com\/inscripcion\/iv-carrera-solidaria-mibricolaje-com-2025\/\">Inscripci\u00f3n<\/a><a href=\"https:\/\/inscripciones.conchipcanarias.com\/inscripcion\/vi-nocturna-la-caleta-de-adeje-2025\/\"> <\/a><\/p>\n\n\n\n<p>Tenerife Blue Trail <\/p>\n\n\n\n<p>Jueves 27 &#8211; S\u00e1bado 29 -&gt; <a href=\"https:\/\/tenerife.utmb.world\/es\">Inscripci\u00f3n <\/a><\/p>\n\n\n\n<p><\/p>\n","protected":false},"excerpt":{"rendered":"<p>VI NOCTURNA LA CALETA DE ADEJE 2025 S\u00e1bado 1 -&gt; Inscripci\u00f3n II CIRCUITO DE CARRERAS X MONTA\u00d1A ISLA DE TENERIFE 2025 &#8211; TROFEO MIZUNO S\u00e1bado 15 -&gt; Inscripci\u00f3n Trail Fuentealta Vilaflor 2025 Viernes 14 y S\u00e1bado 15 -&gt; Inscripci\u00f3n XII SUBIDA VERTICAL A LA MESA DE CANDELARIA 2025 S\u00e1bado 15 -&gt; Inscripci\u00f3n IV CARRERA SOLIDARIA [&hellip;]<\/p>\n","protected":false},"author":1,"featured_media":0,"parent":273,"menu_order":0,"comment_status":"closed","ping_status":"closed","template":"","meta":{"footnotes":""},"class_list":["post-461","page","type-page","status-publish","hentry"],"_links":{"self":[{"href":"https:\/\/ligateneriferun.es\/index.php?rest_route=\/wp\/v2\/pages\/461","targetHints":{"allow":["GET"]}}],"collection":[{"href":"https:\/\/ligateneriferun.es\/index.php?rest_route=\/wp\/v2\/pages"}],"about":[{"href":"https:\/\/ligateneriferun.es\/index.php?rest_route=\/wp\/v2\/types\/page"}],"author":[{"embeddable":true,"href":"https:\/\/ligateneriferun.es\/index.php?rest_route=\/wp\/v2\/users\/1"}],"replies":[{"embeddable":true,"href":"https:\/\/ligateneriferun.es\/index.php?rest_route=%2Fwp%2Fv2%2Fcomments&post=461"}],"version-history":[{"count":8,"href":"https:\/\/ligateneriferun.es\/index.php?rest_route=\/wp\/v2\/pages\/461\/revisions"}],"predecessor-version":[{"id":583,"href":"https:\/\/ligateneriferun.es\/index.php?rest_route=\/wp\/v2\/pages\/461\/revisions\/583"}],"up":[{"embeddable":true,"href":"https:\/\/ligateneriferun.es\/index.php?rest_route=\/wp\/v2\/pages\/273"}],"wp:attachment":[{"href":"https:\/\/ligateneriferun.es\/index.php?rest_route=%2Fwp%2Fv2%2Fmedia&parent=461"}],"curies":[{"name":"wp","href":"https:\/\/api.w.org\/{rel}","templated":true}]}}