{"id":452,"date":"2024-12-19T08:09:12","date_gmt":"2024-12-19T08:09:12","guid":{"rendered":"https:\/\/ligateneriferun.es\/?page_id=452"},"modified":"2025-01-08T13:24:36","modified_gmt":"2025-01-08T13:24:36","slug":"carreras-enero-2025","status":"publish","type":"page","link":"https:\/\/ligateneriferun.es\/?page_id=452","title":{"rendered":"Carreras Enero 2025"},"content":{"rendered":"\n<p>Tenerguera Trail 8k<\/p>\n\n\n\n<p>Domingo 12 -&gt;<a href=\"https:\/\/www.rockthesport.com\/es\/evento\/tenerguera-trail-2025-\/inscripcion\/selecciona-tarifa\" data-type=\"link\" data-id=\"https:\/\/inscripciones.conchipcanarias.com\/inscripcion\/v-nocturna-arafera-2024\/inscripcion_datos\/\">Inscripci\u00f3n<\/a><\/p>\n\n\n\n<p>CARRERA NOCTURNA SANTIAGO DEL TEIDE 2025<\/p>\n\n\n\n<p>S\u00e1bado 25 -&gt; <a href=\"https:\/\/inscripciones.chronotrackcanarias.com\/inscripcion\/carrera-nocturna-santiago-del-teide-2025\/\" data-type=\"link\" data-id=\"https:\/\/inscripciones.conchipcanarias.com\/inscripcion\/v-nocturna-arafera-2024\/inscripcion_datos\/\">Inscripci\u00f3n<\/a><\/p>\n\n\n\n<p>IX CIRCUITO 5KM CONCHIP CANARIAS CARRERAS EN RUTA TENERIFE 2025 &#8211; TROFEO MIZUNO<\/p>\n\n\n\n<p>S\u00e1bado 25 -&gt; <a href=\"https:\/\/inscripciones.conchipcanarias.com\/inscripcion\/ix-circuito-5km-conchip-canarias-carreras-en-ruta-tenerife-2025-trofeo-mizuno\/\" data-type=\"link\" data-id=\"https:\/\/inscripciones.conchipcanarias.com\/inscripcion\/v-nocturna-arafera-2024\/inscripcion_datos\/\">Inscripci\u00f3n<\/a><\/p>\n\n\n\n<p>XI 5KM CARRERA SOLIDARIA DESCUBRIENDO FASNIA 2025<\/p>\n\n\n\n<p>S\u00e1bado 25 -&gt; <a href=\"https:\/\/inscripciones.conchipcanarias.com\/inscripcion\/xi-5km-carrera-solidaria-descubriendo-fasnia-2025\/\" data-type=\"link\" data-id=\"https:\/\/inscripciones.conchipcanarias.com\/inscripcion\/v-nocturna-arafera-2024\/inscripcion_datos\/\">Inscripci\u00f3n<\/a><\/p>\n\n\n\n<p>CARRERA NOCTURNA SANTIAGO DEL TEIDE 2025<\/p>\n\n\n\n<p>S\u00e1bado 25 -> <a href=\"https:\/\/inscripciones.chronotrackcanarias.com\/inscripcion\/carrera-nocturna-santiago-del-teide-2025\/\" data-type=\"link\" data-id=\"https:\/\/inscripciones.conchipcanarias.com\/inscripcion\/v-nocturna-arafera-2024\/inscripcion_datos\/\">Inscripci\u00f3n<\/a><\/p>\n","protected":false},"excerpt":{"rendered":"<p>Tenerguera Trail 8k Domingo 12 -&gt;Inscripci\u00f3n CARRERA NOCTURNA SANTIAGO DEL TEIDE 2025 S\u00e1bado 25 -&gt; Inscripci\u00f3n IX CIRCUITO 5KM CONCHIP CANARIAS CARRERAS EN RUTA TENERIFE 2025 &#8211; TROFEO MIZUNO S\u00e1bado 25 -&gt; Inscripci\u00f3n XI 5KM CARRERA SOLIDARIA DESCUBRIENDO FASNIA 2025 S\u00e1bado 25 -&gt; Inscripci\u00f3n CARRERA NOCTURNA SANTIAGO DEL TEIDE 2025 S\u00e1bado 25 -> Inscripci\u00f3n<\/p>\n","protected":false},"author":1,"featured_media":0,"parent":273,"menu_order":0,"comment_status":"closed","ping_status":"closed","template":"","meta":{"footnotes":""},"class_list":["post-452","page","type-page","status-publish","hentry"],"_links":{"self":[{"href":"https:\/\/ligateneriferun.es\/index.php?rest_route=\/wp\/v2\/pages\/452","targetHints":{"allow":["GET"]}}],"collection":[{"href":"https:\/\/ligateneriferun.es\/index.php?rest_route=\/wp\/v2\/pages"}],"about":[{"href":"https:\/\/ligateneriferun.es\/index.php?rest_route=\/wp\/v2\/types\/page"}],"author":[{"embeddable":true,"href":"https:\/\/ligateneriferun.es\/index.php?rest_route=\/wp\/v2\/users\/1"}],"replies":[{"embeddable":true,"href":"https:\/\/ligateneriferun.es\/index.php?rest_route=%2Fwp%2Fv2%2Fcomments&post=452"}],"version-history":[{"count":7,"href":"https:\/\/ligateneriferun.es\/index.php?rest_route=\/wp\/v2\/pages\/452\/revisions"}],"predecessor-version":[{"id":544,"href":"https:\/\/ligateneriferun.es\/index.php?rest_route=\/wp\/v2\/pages\/452\/revisions\/544"}],"up":[{"embeddable":true,"href":"https:\/\/ligateneriferun.es\/index.php?rest_route=\/wp\/v2\/pages\/273"}],"wp:attachment":[{"href":"https:\/\/ligateneriferun.es\/index.php?rest_route=%2Fwp%2Fv2%2Fmedia&parent=452"}],"curies":[{"name":"wp","href":"https:\/\/api.w.org\/{rel}","templated":true}]}}