{"id":366,"date":"2024-09-21T12:45:53","date_gmt":"2024-09-21T12:45:53","guid":{"rendered":"https:\/\/ligateneriferun.es\/?page_id=366"},"modified":"2024-12-19T08:28:21","modified_gmt":"2024-12-19T08:28:21","slug":"carreras-diciembre","status":"publish","type":"page","link":"https:\/\/ligateneriferun.es\/?page_id=366","title":{"rendered":"Carreras Diciembre"},"content":{"rendered":"\n<p><a href=\"https:\/\/runedia.mundodeportivo.com\/carrera\/k42-canarias-anaga-marathon-2024\/20243475\/\" target=\"_blank\" rel=\"noreferrer noopener\">K42 Canarias Anaga Marathon<\/a><\/p>\n\n\n\n<p>Viernes 5 S\u00e1bado 6 y Domingo 7 -&gt; <a href=\"https:\/\/www.k42canarias.com\/nueva\/\">Inscripci\u00f3n <\/a><\/p>\n\n\n\n<p>I Cross Navide\u00f1o Puerto De La Cruz<\/p>\n\n\n\n<p>14 de diciembre organiza Canaryrunner no hay inscripci\u00f3n online por ahora<\/p>\n\n\n\n<p>Media Marat\u00f3n Tacoronte<\/p>\n\n\n\n<p>Domingo 22 <a href=\"https:\/\/inscripciones.chronotrackcanarias.com\/inscripcion\/xxxiv-media-maraton-ciudad-de-tacoronte-2024\/inscripcion_datos\/\" data-type=\"link\" data-id=\"https:\/\/inscripciones.conchipcanarias.com\/inscripcion\/v-nocturna-arafera-2024\/inscripcion_datos\/\">Inscripci\u00f3n<\/a><\/p>\n\n\n\n<p>XI SAN SILVESTRE SOLIDARIA E INCLUSIVA DE CANDELARIA 2024<\/p>\n\n\n\n<p>S\u00e1bado 28 -&gt; <a href=\"https:\/\/inscripciones.conchipcanarias.com\/inscripcion\/xi-san-silvestre-solidaria-e-inclusiva-de-candelaria-2024\/\" data-type=\"link\" data-id=\"https:\/\/inscripciones.conchipcanarias.com\/inscripcion\/v-nocturna-arafera-2024\/inscripcion_datos\/\">Inscripci\u00f3n<\/a><\/p>\n\n\n\n<p>ANAGA TRAIL SOLIDARIA<\/p>\n\n\n\n<p>S\u00e1bado 28 -&gt; <a href=\"https:\/\/inscripciones.chronotrackcanarias.com\/inscripcion\/anaga-trail-solidaria-2024\/\" data-type=\"link\" data-id=\"https:\/\/inscripciones.conchipcanarias.com\/inscripcion\/v-nocturna-arafera-2024\/inscripcion_datos\/\">Inscripci\u00f3n<\/a><\/p>\n\n\n\n<p>SAN SILVESTRE GARACHICO<\/p>\n\n\n\n<p>Martes 31 -&gt; <a href=\"https:\/\/inscripciones.chronotrackcanarias.com\/inscripcion\/san-silvestre-garachico-2024\/\" data-type=\"link\" data-id=\"https:\/\/inscripciones.conchipcanarias.com\/inscripcion\/v-nocturna-arafera-2024\/inscripcion_datos\/\">Inscripci\u00f3n<\/a><\/p>\n\n\n\n<p>VIII SAN SILVESTRE GOLDEN MILE PLAYA DE LAS AM\u00c9RICAS<\/p>\n\n\n\n<p>Martes 31 -&gt; <a href=\"https:\/\/inscripciones.chronotrackcanarias.com\/inscripcion\/viii-san-silvestre-golden-mile-playa-de-las-americas\/\" data-type=\"link\" data-id=\"https:\/\/inscripciones.conchipcanarias.com\/inscripcion\/v-nocturna-arafera-2024\/inscripcion_datos\/\">Inscripci\u00f3n<\/a><\/p>\n\n\n\n<p>III SAN SILVESTRE ARICO 2024<\/p>\n\n\n\n<p>Martes 31 -> <a href=\"https:\/\/inscripciones.conchipcanarias.com\/inscripcion\/iii-san-silvestre-arico-2024\/\" data-type=\"link\" data-id=\"https:\/\/inscripciones.conchipcanarias.com\/inscripcion\/v-nocturna-arafera-2024\/inscripcion_datos\/\">Inscripci\u00f3n<\/a><\/p>\n","protected":false},"excerpt":{"rendered":"<p>K42 Canarias Anaga Marathon Viernes 5 S\u00e1bado 6 y Domingo 7 -&gt; Inscripci\u00f3n I Cross Navide\u00f1o Puerto De La Cruz 14 de diciembre organiza Canaryrunner no hay inscripci\u00f3n online por ahora Media Marat\u00f3n Tacoronte Domingo 22 Inscripci\u00f3n XI SAN SILVESTRE SOLIDARIA E INCLUSIVA DE CANDELARIA 2024 S\u00e1bado 28 -&gt; Inscripci\u00f3n ANAGA TRAIL SOLIDARIA S\u00e1bado 28 [&hellip;]<\/p>\n","protected":false},"author":1,"featured_media":0,"parent":470,"menu_order":0,"comment_status":"closed","ping_status":"closed","template":"","meta":{"footnotes":""},"class_list":["post-366","page","type-page","status-publish","hentry"],"_links":{"self":[{"href":"https:\/\/ligateneriferun.es\/index.php?rest_route=\/wp\/v2\/pages\/366","targetHints":{"allow":["GET"]}}],"collection":[{"href":"https:\/\/ligateneriferun.es\/index.php?rest_route=\/wp\/v2\/pages"}],"about":[{"href":"https:\/\/ligateneriferun.es\/index.php?rest_route=\/wp\/v2\/types\/page"}],"author":[{"embeddable":true,"href":"https:\/\/ligateneriferun.es\/index.php?rest_route=\/wp\/v2\/users\/1"}],"replies":[{"embeddable":true,"href":"https:\/\/ligateneriferun.es\/index.php?rest_route=%2Fwp%2Fv2%2Fcomments&post=366"}],"version-history":[{"count":11,"href":"https:\/\/ligateneriferun.es\/index.php?rest_route=\/wp\/v2\/pages\/366\/revisions"}],"predecessor-version":[{"id":456,"href":"https:\/\/ligateneriferun.es\/index.php?rest_route=\/wp\/v2\/pages\/366\/revisions\/456"}],"up":[{"embeddable":true,"href":"https:\/\/ligateneriferun.es\/index.php?rest_route=\/wp\/v2\/pages\/470"}],"wp:attachment":[{"href":"https:\/\/ligateneriferun.es\/index.php?rest_route=%2Fwp%2Fv2%2Fmedia&parent=366"}],"curies":[{"name":"wp","href":"https:\/\/api.w.org\/{rel}","templated":true}]}}