{"id":357,"date":"2024-09-21T12:01:51","date_gmt":"2024-09-21T12:01:51","guid":{"rendered":"https:\/\/ligateneriferun.es\/?page_id=357"},"modified":"2024-12-19T08:28:42","modified_gmt":"2024-12-19T08:28:42","slug":"carreras-noviembre","status":"publish","type":"page","link":"https:\/\/ligateneriferun.es\/?page_id=357","title":{"rendered":"Carreras Noviembre"},"content":{"rendered":"\n<p>III ENCUENTRO MARCHA NORDICA FINCA DON LEANDRO 2024<\/p>\n\n\n\n<p>S\u00e1bado 2 -&gt; <a href=\"https:\/\/inscripciones.conchipcanarias.com\/inscripcion\/iii-encuentro-marcha-nordica-finca-don-leandro-2024\/\">Inscripci\u00f3n<\/a> <\/p>\n\n\n\n<p>IV CROSS POPULAR FINCA DE DON LEANDRO 2024 TROFEO GELRELAX<\/p>\n\n\n\n<p>Domingo 3 -&gt; <a href=\"https:\/\/inscripciones.conchipcanarias.com\/inscripcion\/iv-cross-popular-finca-de-don-leandro-2024-trofeo-gelrelax\/\">Inscripci\u00f3n <\/a><\/p>\n\n\n\n<p>TRAIL EL TANQUE 2024<\/p>\n\n\n\n<p>Domingo 3 -&gt; <a href=\"https:\/\/inscripciones.chronotrackcanarias.com\/inscripcion\/trail-el-tanque-2024\/\">Inscripci\u00f3n <\/a><\/p>\n\n\n\n<p>Nocturna G\u00fcimarera<\/p>\n\n\n\n<p>S\u00e1bado 9 -&gt; <a href=\"https:\/\/www.canaryrun.com\/carrera\/nocturna-guimarera\/\" data-type=\"link\" data-id=\"https:\/\/inscripciones.conchipcanarias.com\/inscripcion\/v-nocturna-arafera-2024\/inscripcion_datos\/\">Inscripci\u00f3n<\/a><\/p>\n\n\n\n<p>ARICO TRAIL 2024<\/p>\n\n\n\n<p>S\u00e1bado 9 -&gt; <a href=\"https:\/\/inscripciones.chronotrackcanarias.com\/inscripcion\/arico-trail-2024\/\" data-type=\"link\" data-id=\"https:\/\/inscripciones.conchipcanarias.com\/inscripcion\/v-nocturna-arafera-2024\/inscripcion_datos\/\">Inscripci\u00f3n<\/a><\/p>\n\n\n\n<p>Media Marat\u00f3n Santa Cruz 2024<\/p>\n\n\n\n<p>Domingo 17 -&gt; <a href=\"https:\/\/media.maratondetenerife.com\/\">Inscripci\u00f3n <\/a><\/p>\n\n\n\n<p>DIENTE DE SIERRA TEGUESTE 2024<\/p>\n\n\n\n<p>S\u00e1bado 23 -> <a href=\"https:\/\/laespiritutriabona.com\/\" data-type=\"link\" data-id=\"https:\/\/inscripciones.conchipcanarias.com\/inscripcion\/v-nocturna-arafera-2024\/inscripcion_datos\/\">I<\/a><a href=\"https:\/\/inscripciones.chronotrackcanarias.com\/inscripcion\/diente-de-sierra-tegueste-2024\/\" data-type=\"link\" data-id=\"https:\/\/inscripciones.conchipcanarias.com\/inscripcion\/v-nocturna-arafera-2024\/inscripcion_datos\/\">nscripci\u00f3n<\/a><\/p>\n\n\n\n<p>LA ESP\u00cdRITU TRIABONA CALETA DE ADEJE 2024<\/p>\n\n\n\n<p>S\u00e1bado 23 -&gt; <a href=\"https:\/\/laespiritutriabona.com\/\" data-type=\"link\" data-id=\"https:\/\/inscripciones.conchipcanarias.com\/inscripcion\/v-nocturna-arafera-2024\/inscripcion_datos\/\">Inscripci\u00f3n<\/a><\/p>\n\n\n\n<p>NOCTURNA EL ROSARIO 2024<\/p>\n\n\n\n<p>S\u00e1bado 30 -&gt; <a href=\"https:\/\/inscripciones.conchipcanarias.com\/inscripcion\/nocturna-el-rosario-2024\/\" data-type=\"link\" data-id=\"https:\/\/inscripciones.conchipcanarias.com\/inscripcion\/v-nocturna-arafera-2024\/inscripcion_datos\/\">Inscripci\u00f3n<\/a><\/p>\n\n\n\n<p><\/p>\n","protected":false},"excerpt":{"rendered":"<p>III ENCUENTRO MARCHA NORDICA FINCA DON LEANDRO 2024 S\u00e1bado 2 -&gt; Inscripci\u00f3n IV CROSS POPULAR FINCA DE DON LEANDRO 2024 TROFEO GELRELAX Domingo 3 -&gt; Inscripci\u00f3n TRAIL EL TANQUE 2024 Domingo 3 -&gt; Inscripci\u00f3n Nocturna G\u00fcimarera S\u00e1bado 9 -&gt; Inscripci\u00f3n ARICO TRAIL 2024 S\u00e1bado 9 -&gt; Inscripci\u00f3n Media Marat\u00f3n Santa Cruz 2024 Domingo 17 -&gt; [&hellip;]<\/p>\n","protected":false},"author":1,"featured_media":0,"parent":470,"menu_order":0,"comment_status":"closed","ping_status":"closed","template":"","meta":{"footnotes":""},"class_list":["post-357","page","type-page","status-publish","hentry"],"_links":{"self":[{"href":"https:\/\/ligateneriferun.es\/index.php?rest_route=\/wp\/v2\/pages\/357","targetHints":{"allow":["GET"]}}],"collection":[{"href":"https:\/\/ligateneriferun.es\/index.php?rest_route=\/wp\/v2\/pages"}],"about":[{"href":"https:\/\/ligateneriferun.es\/index.php?rest_route=\/wp\/v2\/types\/page"}],"author":[{"embeddable":true,"href":"https:\/\/ligateneriferun.es\/index.php?rest_route=\/wp\/v2\/users\/1"}],"replies":[{"embeddable":true,"href":"https:\/\/ligateneriferun.es\/index.php?rest_route=%2Fwp%2Fv2%2Fcomments&post=357"}],"version-history":[{"count":7,"href":"https:\/\/ligateneriferun.es\/index.php?rest_route=\/wp\/v2\/pages\/357\/revisions"}],"predecessor-version":[{"id":398,"href":"https:\/\/ligateneriferun.es\/index.php?rest_route=\/wp\/v2\/pages\/357\/revisions\/398"}],"up":[{"embeddable":true,"href":"https:\/\/ligateneriferun.es\/index.php?rest_route=\/wp\/v2\/pages\/470"}],"wp:attachment":[{"href":"https:\/\/ligateneriferun.es\/index.php?rest_route=%2Fwp%2Fv2%2Fmedia&parent=357"}],"curies":[{"name":"wp","href":"https:\/\/api.w.org\/{rel}","templated":true}]}}