{"id":339,"date":"2024-09-21T08:49:57","date_gmt":"2024-09-21T08:49:57","guid":{"rendered":"https:\/\/ligateneriferun.es\/?page_id=339"},"modified":"2024-12-19T08:28:43","modified_gmt":"2024-12-19T08:28:43","slug":"carreras-octubre","status":"publish","type":"page","link":"https:\/\/ligateneriferun.es\/?page_id=339","title":{"rendered":"Carreras Octubre"},"content":{"rendered":"\n<p>Carrera Nocturna Gu\u00eda de Isora  2024<\/p>\n\n\n\n<p>S\u00e1bado 12 -&gt; <a href=\"https:\/\/inscripciones.chronotrackcanarias.com\/inscripcion\/carrera-nocturna-guia-de-isora-2024\/\" data-type=\"link\" data-id=\"https:\/\/inscripciones.conchipcanarias.com\/inscripcion\/iii-cross-popular-virgen-de-las-mercedes-la-cruz-santa-2024\/inscripcion_datos\/\">Inscripci\u00f3n <\/a><\/p>\n\n\n\n<p>LOS LOMOS TRAIL  en Barranco Hondo 2024<\/p>\n\n\n\n<p>S\u00e1bado 12 -&gt; <a href=\"https:\/\/inscripciones.chronotrackcanarias.com\/inscripcion\/los-lomos-trail-2024\/\" data-type=\"link\" data-id=\"https:\/\/inscripciones.conchipcanarias.com\/inscripcion\/iii-cross-popular-virgen-de-las-mercedes-la-cruz-santa-2024\/inscripcion_datos\/\">Inscripci\u00f3n <\/a><\/p>\n\n\n\n<p><\/p>\n\n\n\n<p>X 5KM VILLA DE ADEJE 2024<\/p>\n\n\n\n<p>S\u00e1bado 12 -&gt; <a href=\"https:\/\/inscripciones.conchipcanarias.com\/inscripcion\/x-5km-villa-de-adeje-2024\/\" data-type=\"link\" data-id=\"https:\/\/inscripciones.conchipcanarias.com\/inscripcion\/iii-cross-popular-virgen-de-las-mercedes-la-cruz-santa-2024\/inscripcion_datos\/\">Inscripci\u00f3n <\/a><\/p>\n\n\n\n<p>SANTA CRUZ EXTREME 2024<\/p>\n\n\n\n<p>Viernes 18 y S\u00e1bado 19 -> <a href=\"https:\/\/inscripciones.chronotrackcanarias.com\/inscripcion\/santa-cruz-extreme-2024\/\" data-type=\"link\" data-id=\"https:\/\/inscripciones.chronotrackcanarias.com\/inscripcion\/xliii-carrera-popular-del-cristo\/inscripcion_datos\/\">Inscripci\u00f3n<\/a><\/p>\n\n\n\n<p>CARRERA SOLIDARIA FEDOLA FAMILY RUN 2024<\/p>\n\n\n\n<p>S\u00e1bado 26 -&gt; <a href=\"https:\/\/fedolafamilyrun.es\/\" data-type=\"link\" data-id=\"https:\/\/inscripciones.chronotrackcanarias.com\/inscripcion\/xliii-carrera-popular-del-cristo\/inscripcion_datos\/\">Inscripci\u00f3n<\/a><\/p>\n\n\n\n<p><\/p>\n","protected":false},"excerpt":{"rendered":"<p>Carrera Nocturna Gu\u00eda de Isora 2024 S\u00e1bado 12 -&gt; Inscripci\u00f3n LOS LOMOS TRAIL en Barranco Hondo 2024 S\u00e1bado 12 -&gt; Inscripci\u00f3n X 5KM VILLA DE ADEJE 2024 S\u00e1bado 12 -&gt; Inscripci\u00f3n SANTA CRUZ EXTREME 2024 Viernes 18 y S\u00e1bado 19 -> Inscripci\u00f3n CARRERA SOLIDARIA FEDOLA FAMILY RUN 2024 S\u00e1bado 26 -&gt; Inscripci\u00f3n<\/p>\n","protected":false},"author":1,"featured_media":0,"parent":470,"menu_order":0,"comment_status":"closed","ping_status":"closed","template":"","meta":{"footnotes":""},"class_list":["post-339","page","type-page","status-publish","hentry"],"_links":{"self":[{"href":"https:\/\/ligateneriferun.es\/index.php?rest_route=\/wp\/v2\/pages\/339","targetHints":{"allow":["GET"]}}],"collection":[{"href":"https:\/\/ligateneriferun.es\/index.php?rest_route=\/wp\/v2\/pages"}],"about":[{"href":"https:\/\/ligateneriferun.es\/index.php?rest_route=\/wp\/v2\/types\/page"}],"author":[{"embeddable":true,"href":"https:\/\/ligateneriferun.es\/index.php?rest_route=\/wp\/v2\/users\/1"}],"replies":[{"embeddable":true,"href":"https:\/\/ligateneriferun.es\/index.php?rest_route=%2Fwp%2Fv2%2Fcomments&post=339"}],"version-history":[{"count":8,"href":"https:\/\/ligateneriferun.es\/index.php?rest_route=\/wp\/v2\/pages\/339\/revisions"}],"predecessor-version":[{"id":360,"href":"https:\/\/ligateneriferun.es\/index.php?rest_route=\/wp\/v2\/pages\/339\/revisions\/360"}],"up":[{"embeddable":true,"href":"https:\/\/ligateneriferun.es\/index.php?rest_route=\/wp\/v2\/pages\/470"}],"wp:attachment":[{"href":"https:\/\/ligateneriferun.es\/index.php?rest_route=%2Fwp%2Fv2%2Fmedia&parent=339"}],"curies":[{"name":"wp","href":"https:\/\/api.w.org\/{rel}","templated":true}]}}