{"id":299,"date":"2024-08-03T13:22:32","date_gmt":"2024-08-03T13:22:32","guid":{"rendered":"https:\/\/ligateneriferun.es\/?page_id=299"},"modified":"2024-12-19T08:28:43","modified_gmt":"2024-12-19T08:28:43","slug":"carreras-septiembre","status":"publish","type":"page","link":"https:\/\/ligateneriferun.es\/?page_id=299","title":{"rendered":"Carreras Septiembre"},"content":{"rendered":"\n<p>III CROSS POPULAR VIRGEN DE LAS MERCEDES &#8211; LA CRUZ SANTA 2024<\/p>\n\n\n\n<p>S\u00e1bado 7 -&gt; <a href=\"https:\/\/inscripciones.conchipcanarias.com\/inscripcion\/iii-cross-popular-virgen-de-las-mercedes-la-cruz-santa-2024\/inscripcion_datos\/\" data-type=\"link\" data-id=\"https:\/\/inscripciones.conchipcanarias.com\/inscripcion\/iii-cross-popular-virgen-de-las-mercedes-la-cruz-santa-2024\/inscripcion_datos\/\">Inscripci\u00f3n <\/a><\/p>\n\n\n\n<p>XLIII Carrera Popular del Cristo 2024<\/p>\n\n\n\n<p>S\u00e1bado 7 -&gt; <a href=\"https:\/\/inscripciones.chronotrackcanarias.com\/inscripcion\/xliii-carrera-popular-del-cristo\/inscripcion_datos\/\" data-type=\"link\" data-id=\"https:\/\/inscripciones.chronotrackcanarias.com\/inscripcion\/xliii-carrera-popular-del-cristo\/inscripcion_datos\/\">Inscripci\u00f3n<\/a><\/p>\n\n\n\n<p>VI Vertical El Risco<\/p>\n\n\n\n<p>S\u00e1bado 7 -> <a href=\"https:\/\/www.elriscodeteno.com\/inscripcion\" data-type=\"link\" data-id=\"https:\/\/www.elriscodeteno.com\/inscripcion\">Inscripci\u00f3n<\/a> <\/p>\n\n\n\n<p>XI Carrera Ben\u00e9fica Suroeste Lola Dorta 2024<\/p>\n\n\n\n<p>Domingo 8 -&gt;<a href=\"https:\/\/inscripciones.chronotrackcanarias.com\/inscripcion\/xi-carrera-benefica-suroeste\/inscripcion_datos\/\" data-type=\"link\" data-id=\"https:\/\/inscripciones.chronotrackcanarias.com\/inscripcion\/xi-carrera-benefica-suroeste\/inscripcion_datos\/\"> Inscripci\u00f3n<\/a><\/p>\n\n\n\n<p>XI VIRGEN DEL SOCORRO OFRENDA FLORAL ATL\u00c9TICA 2024<\/p>\n\n\n\n<p>Domingo 8 -&gt; <a href=\"https:\/\/inscripciones.conchipcanarias.com\/inscripcion\/xi-virgen-del-socorro-ofrenda-floral-atletica-2024\/\" data-type=\"link\" data-id=\"https:\/\/inscripciones.conchipcanarias.com\/inscripcion\/iii-cross-popular-virgen-de-las-mercedes-la-cruz-santa-2024\/inscripcion_datos\/\">Inscripci\u00f3n <\/a><\/p>\n\n\n\n<p>Trail La Sabinita 5km &#8211; 10km<\/p>\n\n\n\n<p>S\u00e1bado 21  -&gt; <a href=\"https:\/\/inscripciones.conchipcanarias.com\/inscripcion\/xi-la-sabinita-trail-aromas-de-mi-pueblo-2024\/\">Inscripci\u00f3n<\/a> <\/p>\n\n\n\n<p>XXXII 6K CROSS POPULAR SANTA ANA &#8211; TAMAIMO 2024<\/p>\n\n\n\n<p>S\u00e1bado 21  -&gt; <a href=\"https:\/\/inscripciones.conchipcanarias.com\/inscripcion\/xxxii-6k-cross-popular-santa-ana-tamaimo-2024\/\" data-type=\"link\" data-id=\"https:\/\/inscripciones.conchipcanarias.com\/inscripcion\/xxxii-6k-cross-popular-santa-ana-tamaimo-2024\/\">Inscripci\u00f3n <\/a><\/p>\n\n\n\n<p>VULCAN RACE GARACHICO 2024 <\/p>\n\n\n\n<p>S\u00e1bado 21  y Domingo 22 -&gt; <a href=\"https:\/\/inscripciones.chronotrackcanarias.com\/inscripcion\/vulcan-race-garachico-2024\/inscripcion_datos\/\" data-type=\"link\" data-id=\"https:\/\/inscripciones.chronotrackcanarias.com\/inscripcion\/vulcan-race-garachico-2024\/inscripcion_datos\/\">Inscripci\u00f3n <\/a><\/p>\n\n\n\n<p>I BRUTALTRAIL 2024<\/p>\n\n\n\n<p>S\u00e1bado 28 -&gt; <a href=\"https:\/\/inscripciones.conchipcanarias.com\/inscripcion\/i-brutaltrail-2024\/\" data-type=\"link\" data-id=\"https:\/\/inscripciones.conchipcanarias.com\/inscripcion\/i-brutaltrail-2024\/\">Inscripci\u00f3n <\/a><\/p>\n\n\n\n<p><\/p>\n","protected":false},"excerpt":{"rendered":"<p>III CROSS POPULAR VIRGEN DE LAS MERCEDES &#8211; LA CRUZ SANTA 2024 S\u00e1bado 7 -&gt; Inscripci\u00f3n XLIII Carrera Popular del Cristo 2024 S\u00e1bado 7 -&gt; Inscripci\u00f3n VI Vertical El Risco S\u00e1bado 7 -> Inscripci\u00f3n XI Carrera Ben\u00e9fica Suroeste Lola Dorta 2024 Domingo 8 -&gt; Inscripci\u00f3n XI VIRGEN DEL SOCORRO OFRENDA FLORAL ATL\u00c9TICA 2024 Domingo 8 [&hellip;]<\/p>\n","protected":false},"author":1,"featured_media":0,"parent":470,"menu_order":0,"comment_status":"closed","ping_status":"closed","template":"","meta":{"footnotes":""},"class_list":["post-299","page","type-page","status-publish","hentry"],"_links":{"self":[{"href":"https:\/\/ligateneriferun.es\/index.php?rest_route=\/wp\/v2\/pages\/299","targetHints":{"allow":["GET"]}}],"collection":[{"href":"https:\/\/ligateneriferun.es\/index.php?rest_route=\/wp\/v2\/pages"}],"about":[{"href":"https:\/\/ligateneriferun.es\/index.php?rest_route=\/wp\/v2\/types\/page"}],"author":[{"embeddable":true,"href":"https:\/\/ligateneriferun.es\/index.php?rest_route=\/wp\/v2\/users\/1"}],"replies":[{"embeddable":true,"href":"https:\/\/ligateneriferun.es\/index.php?rest_route=%2Fwp%2Fv2%2Fcomments&post=299"}],"version-history":[{"count":12,"href":"https:\/\/ligateneriferun.es\/index.php?rest_route=\/wp\/v2\/pages\/299\/revisions"}],"predecessor-version":[{"id":322,"href":"https:\/\/ligateneriferun.es\/index.php?rest_route=\/wp\/v2\/pages\/299\/revisions\/322"}],"up":[{"embeddable":true,"href":"https:\/\/ligateneriferun.es\/index.php?rest_route=\/wp\/v2\/pages\/470"}],"wp:attachment":[{"href":"https:\/\/ligateneriferun.es\/index.php?rest_route=%2Fwp%2Fv2%2Fmedia&parent=299"}],"curies":[{"name":"wp","href":"https:\/\/api.w.org\/{rel}","templated":true}]}}