{"id":277,"date":"2024-07-09T18:56:01","date_gmt":"2024-07-09T18:56:01","guid":{"rendered":"https:\/\/ligateneriferun.es\/?page_id=277"},"modified":"2024-12-19T08:28:21","modified_gmt":"2024-12-19T08:28:21","slug":"carreras-agosto","status":"publish","type":"page","link":"https:\/\/ligateneriferun.es\/?page_id=277","title":{"rendered":"Carreras Agosto"},"content":{"rendered":"\n<p>Trail Nocturno El M\u00e9dano<\/p>\n\n\n\n<p>S\u00e1bado 3 -> <a href=\"https:\/\/inscripciones.chronotrackcanarias.com\/inscripcion\/xi-trail-nocturno-el-medano\/\">Inscripci\u00f3n <\/a><\/p>\n\n\n\n<p>V 5K Nocturna Arafera 2024<\/p>\n\n\n\n<p>Mi\u00e9rcoles 21 -> <a href=\"https:\/\/inscripciones.conchipcanarias.com\/inscripcion\/v-nocturna-arafera-2024\/inscripcion_datos\/\" data-type=\"link\" data-id=\"https:\/\/inscripciones.conchipcanarias.com\/inscripcion\/v-nocturna-arafera-2024\/inscripcion_datos\/\">Inscripci\u00f3n<\/a> <\/p>\n\n\n\n<p>I Carrera Popular Santa Rosa de Lima 2024<\/p>\n\n\n\n<p>S\u00e1bado 24 -> <a href=\"https:\/\/carrerapopularsantarosa.es\/inscripciones\/\" data-type=\"link\" data-id=\"https:\/\/carrerapopularsantarosa.es\/inscripciones\/\">Inscripci\u00f3n <\/a><\/p>\n\n\n\n<p>VIII Carrera Popular Los Abrigos 2024<\/p>\n\n\n\n<p>Domingo 25 -> <a href=\"https:\/\/inscripciones.conchipcanarias.com\/inscripcion\/viii-5km-carrera-popular-los-abrigos-2024\/inscripcion_datos\/\">Inscripci\u00f3n<\/a><\/p>\n\n\n\n<p>Vertical El Muro 2024<\/p>\n\n\n\n<p>S\u00e1bado 31 -> <a href=\"https:\/\/inscripciones.chronotrackcanarias.com\/inscripcion\/vertical-el-muro-2024\/inscripcion_datos\/\" data-type=\"link\" data-id=\"https:\/\/inscripciones.chronotrackcanarias.com\/inscripcion\/vertical-el-muro-2024\/inscripcion_datos\/\">Inscripci\u00f3n<\/a> <\/p>\n\n\n\n<p>Trail Las Fuentes<\/p>\n\n\n\n<p>S\u00e1bado 31  -><a href=\"https:\/\/traillasfuentes.es\/inscripciones\/\"> Inscripci\u00f3n<\/a><\/p>\n","protected":false},"excerpt":{"rendered":"<p>Trail Nocturno El M\u00e9dano S\u00e1bado 3 -> Inscripci\u00f3n V 5K Nocturna Arafera 2024 Mi\u00e9rcoles 21 -> Inscripci\u00f3n I Carrera Popular Santa Rosa de Lima 2024 S\u00e1bado 24 -> Inscripci\u00f3n VIII Carrera Popular Los Abrigos 2024 Domingo 25 -> Inscripci\u00f3n Vertical El Muro 2024 S\u00e1bado 31 -> Inscripci\u00f3n Trail Las Fuentes S\u00e1bado 31 -> Inscripci\u00f3n<\/p>\n","protected":false},"author":1,"featured_media":0,"parent":470,"menu_order":0,"comment_status":"closed","ping_status":"closed","template":"","meta":{"footnotes":""},"class_list":["post-277","page","type-page","status-publish","hentry"],"_links":{"self":[{"href":"https:\/\/ligateneriferun.es\/index.php?rest_route=\/wp\/v2\/pages\/277","targetHints":{"allow":["GET"]}}],"collection":[{"href":"https:\/\/ligateneriferun.es\/index.php?rest_route=\/wp\/v2\/pages"}],"about":[{"href":"https:\/\/ligateneriferun.es\/index.php?rest_route=\/wp\/v2\/types\/page"}],"author":[{"embeddable":true,"href":"https:\/\/ligateneriferun.es\/index.php?rest_route=\/wp\/v2\/users\/1"}],"replies":[{"embeddable":true,"href":"https:\/\/ligateneriferun.es\/index.php?rest_route=%2Fwp%2Fv2%2Fcomments&post=277"}],"version-history":[{"count":9,"href":"https:\/\/ligateneriferun.es\/index.php?rest_route=\/wp\/v2\/pages\/277\/revisions"}],"predecessor-version":[{"id":320,"href":"https:\/\/ligateneriferun.es\/index.php?rest_route=\/wp\/v2\/pages\/277\/revisions\/320"}],"up":[{"embeddable":true,"href":"https:\/\/ligateneriferun.es\/index.php?rest_route=\/wp\/v2\/pages\/470"}],"wp:attachment":[{"href":"https:\/\/ligateneriferun.es\/index.php?rest_route=%2Fwp%2Fv2%2Fmedia&parent=277"}],"curies":[{"name":"wp","href":"https:\/\/api.w.org\/{rel}","templated":true}]}}